{"id":206,"date":"2026-01-02T15:11:36","date_gmt":"2026-01-02T15:11:36","guid":{"rendered":"https:\/\/loja.patrulharaposa.pt\/?post_type=product&#038;p=206"},"modified":"2026-01-02T15:15:19","modified_gmt":"2026-01-02T15:15:19","slug":"as-minhas-historias-da-biblia","status":"publish","type":"product","link":"https:\/\/loja.patrulharaposa.pt\/?product=as-minhas-historias-da-biblia","title":{"rendered":"As Minhas Hist\u00f3rias da B\u00edblia"},"content":{"rendered":"<p align=\"justify\">As mais belas e inspiradoras hist\u00f3rias da B\u00edblia ir\u00e3o encantar os leitores mais pequenos. Este \u00e9 o livro perfeito para os pais partilharem com os filhos. A leitura dos epis\u00f3dios mais importantes do Antigo e do Novo Testamento transmite valores essenciais que a crian\u00e7a ir\u00e1 respeitar ao longo da sua vida.<br \/>\nNeste livro encontrar\u00e1 28 hist\u00f3rias:<br \/>\n&#8211; Ad\u00e3o e Eva no para\u00edso<br \/>\n&#8211; No\u00e9 e a arca dos animais<br \/>\n&#8211; Mois\u00e9s, a crian\u00e7a do rio<br \/>\n&#8211; David e o gigante Golias<br \/>\n&#8211; O nascimento de Jesus<br \/>\n&#8211; Os milagres de Jesus<br \/>\n&#8211; A \u00faltima ceia<br \/>\nE muitas outras!<\/p>\n<p><strong>Recomendado pelo Patriarcado de Lisboa.<\/strong><\/p>\n","protected":false},"excerpt":{"rendered":"<p>As mais belas e inspiradoras hist\u00f3rias da B\u00edblia ir\u00e3o encantar os leitores mais pequenos. Este \u00e9 o livro perfeito para os pais partilharem com os filhos. A leitura dos epis\u00f3dios mais importantes do Antigo e do Novo Testamento transmite valores essenciais que a crian\u00e7a ir\u00e1 respeitar ao longo da sua vida. Neste livro encontrar\u00e1 28 [&hellip;]<\/p>\n","protected":false},"featured_media":209,"comment_status":"open","ping_status":"closed","template":"","meta":{"pagelayer_contact_templates":[],"_pagelayer_content":""},"product_brand":[],"product_cat":[15],"product_tag":[],"class_list":{"0":"post-206","1":"product","2":"type-product","3":"status-publish","4":"has-post-thumbnail","6":"product_cat-sem-categoria","8":"first","9":"instock","10":"taxable","11":"shipping-taxable","12":"purchasable","13":"product-type-simple"},"jetpack_sharing_enabled":true,"_links":{"self":[{"href":"https:\/\/loja.patrulharaposa.pt\/index.php?rest_route=\/wp\/v2\/product\/206","targetHints":{"allow":["GET"]}}],"collection":[{"href":"https:\/\/loja.patrulharaposa.pt\/index.php?rest_route=\/wp\/v2\/product"}],"about":[{"href":"https:\/\/loja.patrulharaposa.pt\/index.php?rest_route=\/wp\/v2\/types\/product"}],"replies":[{"embeddable":true,"href":"https:\/\/loja.patrulharaposa.pt\/index.php?rest_route=%2Fwp%2Fv2%2Fcomments&post=206"}],"wp:featuredmedia":[{"embeddable":true,"href":"https:\/\/loja.patrulharaposa.pt\/index.php?rest_route=\/wp\/v2\/media\/209"}],"wp:attachment":[{"href":"https:\/\/loja.patrulharaposa.pt\/index.php?rest_route=%2Fwp%2Fv2%2Fmedia&parent=206"}],"wp:term":[{"taxonomy":"product_brand","embeddable":true,"href":"https:\/\/loja.patrulharaposa.pt\/index.php?rest_route=%2Fwp%2Fv2%2Fproduct_brand&post=206"},{"taxonomy":"product_cat","embeddable":true,"href":"https:\/\/loja.patrulharaposa.pt\/index.php?rest_route=%2Fwp%2Fv2%2Fproduct_cat&post=206"},{"taxonomy":"product_tag","embeddable":true,"href":"https:\/\/loja.patrulharaposa.pt\/index.php?rest_route=%2Fwp%2Fv2%2Fproduct_tag&post=206"}],"curies":[{"name":"wp","href":"https:\/\/api.w.org\/{rel}","templated":true}]}}