{"id":198,"date":"2026-01-02T15:09:39","date_gmt":"2026-01-02T15:09:39","guid":{"rendered":"https:\/\/loja.patrulharaposa.pt\/?post_type=product&#038;p=198"},"modified":"2026-01-02T15:15:35","modified_gmt":"2026-01-02T15:15:35","slug":"crescer-com-jesus","status":"publish","type":"product","link":"https:\/\/loja.patrulharaposa.pt\/?product=crescer-com-jesus","title":{"rendered":"Crescer com Jesus"},"content":{"rendered":"<p>Ao longo da tua vida crist\u00e3, vais passar por v\u00e1rios momentos marcantes. Neste livro, encontras o significado e a import\u00e2ncia dos primeiros sacramentos; as ora\u00e7\u00f5es de que mais precisas; e os ensinamentos mais importantes de Jesus. Com muitas ilustra\u00e7\u00f5es e molduras coloridas, neste \u00e1lbum podes anotar tudo sobre os dias em que celebraste cada sacramento e guardar as mais bonitas fotografias. H\u00e1 momentos especiais que n\u00e3o vais querer esquecer:<br \/>\n&#8211; Batismo;<br \/>\n&#8211; Catequese;<br \/>\n&#8211; Primeira Comunh\u00e3o Eucaristia;<br \/>\n&#8211; Crisma;<br \/>\n&#8211; Confiss\u00e3o.<\/p>\n","protected":false},"excerpt":{"rendered":"<p>Ao longo da tua vida crist\u00e3, vais passar por v\u00e1rios momentos marcantes. Neste livro, encontras o significado e a import\u00e2ncia dos primeiros sacramentos; as ora\u00e7\u00f5es de que mais precisas; e os ensinamentos mais importantes de Jesus. Com muitas ilustra\u00e7\u00f5es e molduras coloridas, neste \u00e1lbum podes anotar tudo sobre os dias em que celebraste cada sacramento [&hellip;]<\/p>\n","protected":false},"featured_media":201,"comment_status":"open","ping_status":"closed","template":"","meta":{"pagelayer_contact_templates":[],"_pagelayer_content":""},"product_brand":[],"product_cat":[15],"product_tag":[],"class_list":{"0":"post-198","1":"product","2":"type-product","3":"status-publish","4":"has-post-thumbnail","6":"product_cat-sem-categoria","8":"first","9":"instock","10":"taxable","11":"shipping-taxable","12":"purchasable","13":"product-type-simple"},"jetpack_sharing_enabled":true,"_links":{"self":[{"href":"https:\/\/loja.patrulharaposa.pt\/index.php?rest_route=\/wp\/v2\/product\/198","targetHints":{"allow":["GET"]}}],"collection":[{"href":"https:\/\/loja.patrulharaposa.pt\/index.php?rest_route=\/wp\/v2\/product"}],"about":[{"href":"https:\/\/loja.patrulharaposa.pt\/index.php?rest_route=\/wp\/v2\/types\/product"}],"replies":[{"embeddable":true,"href":"https:\/\/loja.patrulharaposa.pt\/index.php?rest_route=%2Fwp%2Fv2%2Fcomments&post=198"}],"wp:featuredmedia":[{"embeddable":true,"href":"https:\/\/loja.patrulharaposa.pt\/index.php?rest_route=\/wp\/v2\/media\/201"}],"wp:attachment":[{"href":"https:\/\/loja.patrulharaposa.pt\/index.php?rest_route=%2Fwp%2Fv2%2Fmedia&parent=198"}],"wp:term":[{"taxonomy":"product_brand","embeddable":true,"href":"https:\/\/loja.patrulharaposa.pt\/index.php?rest_route=%2Fwp%2Fv2%2Fproduct_brand&post=198"},{"taxonomy":"product_cat","embeddable":true,"href":"https:\/\/loja.patrulharaposa.pt\/index.php?rest_route=%2Fwp%2Fv2%2Fproduct_cat&post=198"},{"taxonomy":"product_tag","embeddable":true,"href":"https:\/\/loja.patrulharaposa.pt\/index.php?rest_route=%2Fwp%2Fv2%2Fproduct_tag&post=198"}],"curies":[{"name":"wp","href":"https:\/\/api.w.org\/{rel}","templated":true}]}}