{"id":194,"date":"2026-01-02T15:07:55","date_gmt":"2026-01-02T15:07:55","guid":{"rendered":"https:\/\/loja.patrulharaposa.pt\/?post_type=product&#038;p=194"},"modified":"2026-01-02T15:15:40","modified_gmt":"2026-01-02T15:15:40","slug":"aprende-linguas-com-o-peter-ingles-guia-de-conversacao","status":"publish","type":"product","link":"https:\/\/loja.patrulharaposa.pt\/?product=aprende-linguas-com-o-peter-ingles-guia-de-conversacao","title":{"rendered":"Aprende L\u00ednguas com o Peter &#8211; Ingl\u00eas Guia de Conversa\u00e7\u00e3o"},"content":{"rendered":"<p>Com este livro vais aprender as primeiras palavras em ingl\u00eas, a ter conversas simples sobre v\u00e1rios temas e as regras b\u00e1sicas de gram\u00e1tica. Atrav\u00e9s de ilustra\u00e7\u00f5es coloridas e divertidas, vais ficar a saber tamb\u00e9m curiosidades e factos sobre a cultura brit\u00e2nica. Inclui ainda c\u00f3digos QR para poderes ouvir as palavras e as express\u00f5es em ingl\u00eas e apreenderes a pron\u00fancia correta.<\/p>\n","protected":false},"excerpt":{"rendered":"<p>Com este livro vais aprender as primeiras palavras em ingl\u00eas, a ter conversas simples sobre v\u00e1rios temas e as regras b\u00e1sicas de gram\u00e1tica. Atrav\u00e9s de ilustra\u00e7\u00f5es coloridas e divertidas, vais ficar a saber tamb\u00e9m curiosidades e factos sobre a cultura brit\u00e2nica. Inclui ainda c\u00f3digos QR para poderes ouvir as palavras e as express\u00f5es em ingl\u00eas [&hellip;]<\/p>\n","protected":false},"featured_media":197,"comment_status":"open","ping_status":"closed","template":"","meta":{"pagelayer_contact_templates":[],"_pagelayer_content":""},"product_brand":[],"product_cat":[15],"product_tag":[],"class_list":{"0":"post-194","1":"product","2":"type-product","3":"status-publish","4":"has-post-thumbnail","6":"product_cat-sem-categoria","8":"first","9":"instock","10":"taxable","11":"shipping-taxable","12":"purchasable","13":"product-type-simple"},"jetpack_sharing_enabled":true,"_links":{"self":[{"href":"https:\/\/loja.patrulharaposa.pt\/index.php?rest_route=\/wp\/v2\/product\/194","targetHints":{"allow":["GET"]}}],"collection":[{"href":"https:\/\/loja.patrulharaposa.pt\/index.php?rest_route=\/wp\/v2\/product"}],"about":[{"href":"https:\/\/loja.patrulharaposa.pt\/index.php?rest_route=\/wp\/v2\/types\/product"}],"replies":[{"embeddable":true,"href":"https:\/\/loja.patrulharaposa.pt\/index.php?rest_route=%2Fwp%2Fv2%2Fcomments&post=194"}],"wp:featuredmedia":[{"embeddable":true,"href":"https:\/\/loja.patrulharaposa.pt\/index.php?rest_route=\/wp\/v2\/media\/197"}],"wp:attachment":[{"href":"https:\/\/loja.patrulharaposa.pt\/index.php?rest_route=%2Fwp%2Fv2%2Fmedia&parent=194"}],"wp:term":[{"taxonomy":"product_brand","embeddable":true,"href":"https:\/\/loja.patrulharaposa.pt\/index.php?rest_route=%2Fwp%2Fv2%2Fproduct_brand&post=194"},{"taxonomy":"product_cat","embeddable":true,"href":"https:\/\/loja.patrulharaposa.pt\/index.php?rest_route=%2Fwp%2Fv2%2Fproduct_cat&post=194"},{"taxonomy":"product_tag","embeddable":true,"href":"https:\/\/loja.patrulharaposa.pt\/index.php?rest_route=%2Fwp%2Fv2%2Fproduct_tag&post=194"}],"curies":[{"name":"wp","href":"https:\/\/api.w.org\/{rel}","templated":true}]}}