{"id":190,"date":"2026-01-02T15:07:19","date_gmt":"2026-01-02T15:07:19","guid":{"rendered":"https:\/\/loja.patrulharaposa.pt\/?post_type=product&#038;p=190"},"modified":"2026-01-02T15:15:46","modified_gmt":"2026-01-02T15:15:46","slug":"aprende-linguas-com-o-peter-ingles-dicionario-ilustrado","status":"publish","type":"product","link":"https:\/\/loja.patrulharaposa.pt\/?product=aprende-linguas-com-o-peter-ingles-dicionario-ilustrado","title":{"rendered":"Aprende L\u00ednguas com o Peter &#8211; Ingl\u00eas Dicion\u00e1rio Ilustrado"},"content":{"rendered":"<p>Este dicion\u00e1rio ilustrado \u00e9 perfeito para come\u00e7ares a aprender ingl\u00eas! Organizado em temas essenciais, \u00e9 muito f\u00e1cil e r\u00e1pido de consultar. Podes at\u00e9 ouvir as palavras com pronuncia correta atrav\u00e9s do telem\u00f3vel com os c\u00f3digos QR que est\u00e3o presentes em cada defini\u00e7\u00e3o. Descobre como \u00e9 divertido aprender ingl\u00eas!<\/p>\n","protected":false},"excerpt":{"rendered":"<p>Este dicion\u00e1rio ilustrado \u00e9 perfeito para come\u00e7ares a aprender ingl\u00eas! Organizado em temas essenciais, \u00e9 muito f\u00e1cil e r\u00e1pido de consultar. Podes at\u00e9 ouvir as palavras com pronuncia correta atrav\u00e9s do telem\u00f3vel com os c\u00f3digos QR que est\u00e3o presentes em cada defini\u00e7\u00e3o. Descobre como \u00e9 divertido aprender ingl\u00eas!<\/p>\n","protected":false},"featured_media":193,"comment_status":"open","ping_status":"closed","template":"","meta":{"pagelayer_contact_templates":[],"_pagelayer_content":""},"product_brand":[],"product_cat":[15],"product_tag":[],"class_list":{"0":"post-190","1":"product","2":"type-product","3":"status-publish","4":"has-post-thumbnail","6":"product_cat-sem-categoria","8":"first","9":"instock","10":"taxable","11":"shipping-taxable","12":"purchasable","13":"product-type-simple"},"jetpack_sharing_enabled":true,"_links":{"self":[{"href":"https:\/\/loja.patrulharaposa.pt\/index.php?rest_route=\/wp\/v2\/product\/190","targetHints":{"allow":["GET"]}}],"collection":[{"href":"https:\/\/loja.patrulharaposa.pt\/index.php?rest_route=\/wp\/v2\/product"}],"about":[{"href":"https:\/\/loja.patrulharaposa.pt\/index.php?rest_route=\/wp\/v2\/types\/product"}],"replies":[{"embeddable":true,"href":"https:\/\/loja.patrulharaposa.pt\/index.php?rest_route=%2Fwp%2Fv2%2Fcomments&post=190"}],"wp:featuredmedia":[{"embeddable":true,"href":"https:\/\/loja.patrulharaposa.pt\/index.php?rest_route=\/wp\/v2\/media\/193"}],"wp:attachment":[{"href":"https:\/\/loja.patrulharaposa.pt\/index.php?rest_route=%2Fwp%2Fv2%2Fmedia&parent=190"}],"wp:term":[{"taxonomy":"product_brand","embeddable":true,"href":"https:\/\/loja.patrulharaposa.pt\/index.php?rest_route=%2Fwp%2Fv2%2Fproduct_brand&post=190"},{"taxonomy":"product_cat","embeddable":true,"href":"https:\/\/loja.patrulharaposa.pt\/index.php?rest_route=%2Fwp%2Fv2%2Fproduct_cat&post=190"},{"taxonomy":"product_tag","embeddable":true,"href":"https:\/\/loja.patrulharaposa.pt\/index.php?rest_route=%2Fwp%2Fv2%2Fproduct_tag&post=190"}],"curies":[{"name":"wp","href":"https:\/\/api.w.org\/{rel}","templated":true}]}}