{"id":186,"date":"2026-01-02T15:06:36","date_gmt":"2026-01-02T15:06:36","guid":{"rendered":"https:\/\/loja.patrulharaposa.pt\/?post_type=product&#038;p=186"},"modified":"2026-01-02T15:15:51","modified_gmt":"2026-01-02T15:15:51","slug":"porque-e-que-temos-de-lavar-as-maos","status":"publish","type":"product","link":"https:\/\/loja.patrulharaposa.pt\/?product=porque-e-que-temos-de-lavar-as-maos","title":{"rendered":"Porque \u00e9 Que Temos de Lavar as M\u00e3os?"},"content":{"rendered":"<p align=\"justify\">O livro ideal para contextualizar a pandemia que vivemos: explica a origem dos germes, v\u00edrus e bact\u00e9rias, quem os descobriu, como se propagam e como podemos evit\u00e1-los. Com certeza j\u00e1 fizeste estas perguntas imensas vezes: Porque \u00e9 que tenho de lavar as m\u00e3os? Porque \u00e9 que tenho de espirrar para o cotovelo? Porque \u00e9 que tenho de tomar banho hoje? A resposta \u00e9: germes! O que s\u00e3o germes? S\u00e3o organismos invis\u00edveis a olho nu que podem causar doen\u00e7as. E eles est\u00e3o em todo o lado. Literalmente! No teu quarto, na tua mochila da escola e at\u00e9 no teu corpo. NO-JO!<\/p>\n<p align=\"justify\">Neste livro, repleto de ilustra\u00e7\u00f5es divertidas, encontras tudo aquilo que precisas de saber sobre bact\u00e9rias, v\u00edrus, fungos e outros micr\u00f3bios t\u00e3o nojentos quanto misteriosos. Aprende como o nosso corpo se defende deles e o que podes fazer para evitar que se espalhem! Cap\u00edtulo a cap\u00edtulo, vais tamb\u00e9m descobrir como os cientistas trabalham incansavelmente para desvendar o mundo destes bichos fugidios e encontrar formas de os combater. J\u00e1 sabes o que fazer: vai lavar as m\u00e3os e come\u00e7a a ler este livro para n\u00e3o seres apanhado desprevenido pelos germes. Com dicas sobre higiene e cuidados a ter no dia a dia.<\/p>\n","protected":false},"excerpt":{"rendered":"<p>O livro ideal para contextualizar a pandemia que vivemos: explica a origem dos germes, v\u00edrus e bact\u00e9rias, quem os descobriu, como se propagam e como podemos evit\u00e1-los. Com certeza j\u00e1 fizeste estas perguntas imensas vezes: Porque \u00e9 que tenho de lavar as m\u00e3os? Porque \u00e9 que tenho de espirrar para o cotovelo? Porque \u00e9 que [&hellip;]<\/p>\n","protected":false},"featured_media":189,"comment_status":"open","ping_status":"closed","template":"","meta":{"pagelayer_contact_templates":[],"_pagelayer_content":""},"product_brand":[],"product_cat":[15],"product_tag":[],"class_list":{"0":"post-186","1":"product","2":"type-product","3":"status-publish","4":"has-post-thumbnail","6":"product_cat-sem-categoria","8":"first","9":"instock","10":"taxable","11":"shipping-taxable","12":"purchasable","13":"product-type-simple"},"jetpack_sharing_enabled":true,"_links":{"self":[{"href":"https:\/\/loja.patrulharaposa.pt\/index.php?rest_route=\/wp\/v2\/product\/186","targetHints":{"allow":["GET"]}}],"collection":[{"href":"https:\/\/loja.patrulharaposa.pt\/index.php?rest_route=\/wp\/v2\/product"}],"about":[{"href":"https:\/\/loja.patrulharaposa.pt\/index.php?rest_route=\/wp\/v2\/types\/product"}],"replies":[{"embeddable":true,"href":"https:\/\/loja.patrulharaposa.pt\/index.php?rest_route=%2Fwp%2Fv2%2Fcomments&post=186"}],"wp:featuredmedia":[{"embeddable":true,"href":"https:\/\/loja.patrulharaposa.pt\/index.php?rest_route=\/wp\/v2\/media\/189"}],"wp:attachment":[{"href":"https:\/\/loja.patrulharaposa.pt\/index.php?rest_route=%2Fwp%2Fv2%2Fmedia&parent=186"}],"wp:term":[{"taxonomy":"product_brand","embeddable":true,"href":"https:\/\/loja.patrulharaposa.pt\/index.php?rest_route=%2Fwp%2Fv2%2Fproduct_brand&post=186"},{"taxonomy":"product_cat","embeddable":true,"href":"https:\/\/loja.patrulharaposa.pt\/index.php?rest_route=%2Fwp%2Fv2%2Fproduct_cat&post=186"},{"taxonomy":"product_tag","embeddable":true,"href":"https:\/\/loja.patrulharaposa.pt\/index.php?rest_route=%2Fwp%2Fv2%2Fproduct_tag&post=186"}],"curies":[{"name":"wp","href":"https:\/\/api.w.org\/{rel}","templated":true}]}}