{"id":170,"date":"2026-01-02T14:48:28","date_gmt":"2026-01-02T14:48:28","guid":{"rendered":"https:\/\/loja.patrulharaposa.pt\/?post_type=product&#038;p=170"},"modified":"2026-01-02T15:16:06","modified_gmt":"2026-01-02T15:16:06","slug":"caderno-da-natureza-do-bicho-do-mato","status":"publish","type":"product","link":"https:\/\/loja.patrulharaposa.pt\/?product=caderno-da-natureza-do-bicho-do-mato","title":{"rendered":"Caderno (da Natureza) do Bicho do Mato"},"content":{"rendered":"<p>Neste livro, cheio de ilustra\u00e7\u00f5es espetaculares, vais encontrar informa\u00e7\u00f5es muito \u00fateis sobre os animais, as plantas e forma\u00e7\u00f5es naturais que podes descobrir mesmo \u00e0 porta de tua casa!<\/p>\n","protected":false},"excerpt":{"rendered":"<p>Neste livro, cheio de ilustra\u00e7\u00f5es espetaculares, vais encontrar informa\u00e7\u00f5es muito \u00fateis sobre os animais, as plantas e forma\u00e7\u00f5es naturais que podes descobrir mesmo \u00e0 porta de tua casa!<\/p>\n","protected":false},"featured_media":171,"comment_status":"open","ping_status":"closed","template":"","meta":{"pagelayer_contact_templates":[],"_pagelayer_content":""},"product_brand":[],"product_cat":[15],"product_tag":[],"class_list":{"0":"post-170","1":"product","2":"type-product","3":"status-publish","4":"has-post-thumbnail","6":"product_cat-sem-categoria","8":"first","9":"instock","10":"taxable","11":"shipping-taxable","12":"purchasable","13":"product-type-simple"},"jetpack_sharing_enabled":true,"_links":{"self":[{"href":"https:\/\/loja.patrulharaposa.pt\/index.php?rest_route=\/wp\/v2\/product\/170","targetHints":{"allow":["GET"]}}],"collection":[{"href":"https:\/\/loja.patrulharaposa.pt\/index.php?rest_route=\/wp\/v2\/product"}],"about":[{"href":"https:\/\/loja.patrulharaposa.pt\/index.php?rest_route=\/wp\/v2\/types\/product"}],"replies":[{"embeddable":true,"href":"https:\/\/loja.patrulharaposa.pt\/index.php?rest_route=%2Fwp%2Fv2%2Fcomments&post=170"}],"wp:featuredmedia":[{"embeddable":true,"href":"https:\/\/loja.patrulharaposa.pt\/index.php?rest_route=\/wp\/v2\/media\/171"}],"wp:attachment":[{"href":"https:\/\/loja.patrulharaposa.pt\/index.php?rest_route=%2Fwp%2Fv2%2Fmedia&parent=170"}],"wp:term":[{"taxonomy":"product_brand","embeddable":true,"href":"https:\/\/loja.patrulharaposa.pt\/index.php?rest_route=%2Fwp%2Fv2%2Fproduct_brand&post=170"},{"taxonomy":"product_cat","embeddable":true,"href":"https:\/\/loja.patrulharaposa.pt\/index.php?rest_route=%2Fwp%2Fv2%2Fproduct_cat&post=170"},{"taxonomy":"product_tag","embeddable":true,"href":"https:\/\/loja.patrulharaposa.pt\/index.php?rest_route=%2Fwp%2Fv2%2Fproduct_tag&post=170"}],"curies":[{"name":"wp","href":"https:\/\/api.w.org\/{rel}","templated":true}]}}