{"id":108,"date":"2026-01-01T17:43:08","date_gmt":"2026-01-01T17:43:08","guid":{"rendered":"https:\/\/loja.patrulharaposa.pt\/wp\/?page_id=108"},"modified":"2026-01-01T17:43:08","modified_gmt":"2026-01-01T17:43:08","slug":"about","status":"publish","type":"page","link":"https:\/\/loja.patrulharaposa.pt\/?page_id=108","title":{"rendered":"About"},"content":{"rendered":"\n\n\n\n\n\n\n<h2>Conhe\u00e7a a Patrulha Raposa<\/h2>\n\n<p>A Patrulha Raposa nasceu do desejo de incentivar o amor pela leitura em crian\u00e7as de todas as idades, oferecendo uma sele\u00e7\u00e3o especial de livros que encantam e educam.<\/p>\n<p>Selecionamos cada t\u00edtulo com base em sua qualidade liter\u00e1ria e capacidade de encantar os jovens leitores.<\/p>\n\n\n\n\n\n<h2>Formul\u00e1rio de Contato<\/h2>\n\n\n\n\n\n\n\n\n\n\n\n\n\n\n\n\n<h2>Depoimentos de Clientes<\/h2>\n\n\n\n\n<p>&#8220;As ilustra\u00e7\u00f5es s\u00e3o simplesmente magnificas! Meus filhos adoram!&#8221;<\/p>\n\n\n\n\n\n\n<p>&#8220;A hist\u00f3ria do livro me fez voltar a ser crian\u00e7a. Ador\u00e1vel!&#8221;<\/p>\n\n\n\n\n\n\n<p>&#8220;Os livros da Patrulha Raposa s\u00e3o essenciais para o desenvolvimento dos meus pequenos!&#8221;<\/p>\n\n\n\n\n\n\n\n\n\n\n\n\n\n\n\n\n\n\n\n\n\n\n\n\n\n<h2>Nosso Time<\/h2>\n\n\n\n","protected":false},"excerpt":{"rendered":"","protected":false},"author":1,"featured_media":0,"parent":0,"menu_order":0,"comment_status":"closed","ping_status":"closed","template":"","meta":{"pagelayer_contact_templates":[],"_pagelayer_content":"","footnotes":""},"class_list":["post-108","page","type-page","status-publish","hentry"],"jetpack_sharing_enabled":true,"_links":{"self":[{"href":"https:\/\/loja.patrulharaposa.pt\/index.php?rest_route=\/wp\/v2\/pages\/108","targetHints":{"allow":["GET"]}}],"collection":[{"href":"https:\/\/loja.patrulharaposa.pt\/index.php?rest_route=\/wp\/v2\/pages"}],"about":[{"href":"https:\/\/loja.patrulharaposa.pt\/index.php?rest_route=\/wp\/v2\/types\/page"}],"author":[{"embeddable":true,"href":"https:\/\/loja.patrulharaposa.pt\/index.php?rest_route=\/wp\/v2\/users\/1"}],"replies":[{"embeddable":true,"href":"https:\/\/loja.patrulharaposa.pt\/index.php?rest_route=%2Fwp%2Fv2%2Fcomments&post=108"}],"version-history":[{"count":0,"href":"https:\/\/loja.patrulharaposa.pt\/index.php?rest_route=\/wp\/v2\/pages\/108\/revisions"}],"wp:attachment":[{"href":"https:\/\/loja.patrulharaposa.pt\/index.php?rest_route=%2Fwp%2Fv2%2Fmedia&parent=108"}],"curies":[{"name":"wp","href":"https:\/\/api.w.org\/{rel}","templated":true}]}}